{"id":6,"date":"2009-09-08T15:22:16","date_gmt":"2009-09-08T13:22:16","guid":{"rendered":"https:\/\/www.kraft-sch\u00f6pfen-und-qigong.de\/?page_id=6"},"modified":"2023-07-04T11:21:09","modified_gmt":"2023-07-04T09:21:09","slug":"energiearbeit","status":"publish","type":"page","link":"https:\/\/www.kraft-sch\u00f6pfen-und-qigong.de\/?page_id=6","title":{"rendered":"Energiearbeit"},"content":{"rendered":"<p>In meiner Gesundheitspraxis findet unter anderem folgende Technik ihren Einsatz:<br \/>\n<strong>&#8211; Reiki<\/strong><br \/>\nReiki ersetzt nicht den Arzt oder den Therapeuten, jedoch l\u00e4sst es sich sehr gut mit<br \/>\nanderen Heilmethoden und Therapien kombinieren und kann bei jeder medizinischen<br \/>\nund psychotherapeutischen Behandlung unterst\u00fctzend eingesetzt werden.<br \/>\nEs ist auch eine wunderbare Unterst\u00fctzung in der Schwangerschaft sowie w\u00e4hrend<br \/>\nund nach der Geburt. Reiki ist ebenfalls eine segensreiche M\u00f6glichkeit Menschen mit<br \/>\nKrebs bei Ihrer Behandlung alternativ zu unterst\u00fctzen und ihre Selbstheilungskr\u00e4fte<br \/>\nzu aktivieren. Lernen Sie Reiki selbst kennen und sp\u00fcren Sie die feinstoffliche und<br \/>\nuniverselle Kraft.<\/p>\n<p>Ich aktiviere ihre Selbstheilungskr\u00e4fte und die Lebensenergie<\/p>\n<p><span style=\"font-family: Tahoma, sans-serif;\"><span style=\"font-size: large;\">Ich erarbeite mit Ihnen gemeinsam einen Weg zur Wiedererlangung oder St\u00e4rkung Ihrer Gesundheit auf ganzheitlicher Basis von K\u00f6rper, Geist und Seele. Sie erlangen durch gezielte Anwendungen wieder einen Zustand der inneren und \u00e4u\u00dferen Balance .<br \/>\nSie werden sich wieder energievoller, freier und wohler f\u00fchlen. Ihre Seele kann sich von altem Ballast befreien, ihr Herz lernt wieder f\u00fchlen&#8230; !\u00a0<\/span><\/span><\/p>\n<p>Energieausgleich 55 Euro f\u00fcr 60 Minuten<\/p>\n","protected":false},"excerpt":{"rendered":"<p>In meiner Gesundheitspraxis findet unter anderem folgende Technik ihren Einsatz: &#8211; Reiki Reiki ersetzt nicht den Arzt oder den Therapeuten, jedoch l\u00e4sst es sich sehr gut mit anderen Heilmethoden und Therapien kombinieren und kann bei jeder medizinischen und psychotherapeutischen Behandlung unterst\u00fctzend eingesetzt werden. Es ist auch eine wunderbare Unterst\u00fctzung in der Schwangerschaft sowie w\u00e4hrend und [&hellip;]<\/p>\n","protected":false},"author":1,"featured_media":0,"parent":0,"menu_order":0,"comment_status":"open","ping_status":"closed","template":"","meta":[],"_links":{"self":[{"href":"https:\/\/www.kraft-sch\u00f6pfen-und-qigong.de\/index.php?rest_route=\/wp\/v2\/pages\/6"}],"collection":[{"href":"https:\/\/www.kraft-sch\u00f6pfen-und-qigong.de\/index.php?rest_route=\/wp\/v2\/pages"}],"about":[{"href":"https:\/\/www.kraft-sch\u00f6pfen-und-qigong.de\/index.php?rest_route=\/wp\/v2\/types\/page"}],"author":[{"embeddable":true,"href":"https:\/\/www.kraft-sch\u00f6pfen-und-qigong.de\/index.php?rest_route=\/wp\/v2\/users\/1"}],"replies":[{"embeddable":true,"href":"https:\/\/www.kraft-sch\u00f6pfen-und-qigong.de\/index.php?rest_route=%2Fwp%2Fv2%2Fcomments&post=6"}],"version-history":[{"count":22,"href":"https:\/\/www.kraft-sch\u00f6pfen-und-qigong.de\/index.php?rest_route=\/wp\/v2\/pages\/6\/revisions"}],"predecessor-version":[{"id":299,"href":"https:\/\/www.kraft-sch\u00f6pfen-und-qigong.de\/index.php?rest_route=\/wp\/v2\/pages\/6\/revisions\/299"}],"wp:attachment":[{"href":"https:\/\/www.kraft-sch\u00f6pfen-und-qigong.de\/index.php?rest_route=%2Fwp%2Fv2%2Fmedia&parent=6"}],"curies":[{"name":"wp","href":"https:\/\/api.w.org\/{rel}","templated":true}]}}